{"id":708,"date":"2023-09-08T15:31:04","date_gmt":"2023-09-08T13:31:04","guid":{"rendered":"https:\/\/geofactory.agicom.it\/2023\/?page_id=708"},"modified":"2023-09-08T15:32:15","modified_gmt":"2023-09-08T13:32:15","slug":"meeting-nazionale-giovani-geometri","status":"publish","type":"page","link":"https:\/\/geofactory.agicom.it\/2023\/","title":{"rendered":"Meeting Nazionale Giovani Geometri"},"content":{"rendered":"<p>[et_pb_section fb_built=&#8221;1&#8243; _builder_version=&#8221;4.21.0&#8243; _module_preset=&#8221;default&#8221; background_color=&#8221;#F4F4F4&#8243; global_colors_info=&#8221;{}&#8221;][et_pb_row _builder_version=&#8221;4.21.0&#8243; _module_preset=&#8221;default&#8221; global_colors_info=&#8221;{}&#8221;][et_pb_column type=&#8221;4_4&#8243; _builder_version=&#8221;4.21.0&#8243; _module_preset=&#8221;default&#8221; global_colors_info=&#8221;{}&#8221;][et_pb_text _builder_version=&#8221;4.22.1&#8243; _module_preset=&#8221;default&#8221; header_font=&#8221;Montserrat|600||on|||||&#8221; header_text_align=&#8221;center&#8221; header_text_color=&#8221;#FC7500&#8243; header_font_size=&#8221;2.5vw&#8221; header_font_size_tablet=&#8221;5vw&#8221; header_font_size_phone=&#8221;11vw&#8221; header_font_size_last_edited=&#8221;on|phone&#8221; global_colors_info=&#8221;{}&#8221;]<\/p>\n<h1>Meeting Nazionale Giovani Geometri<\/h1>\n<p>[\/et_pb_text][et_pb_text _builder_version=&#8221;4.21.0&#8243; _module_preset=&#8221;default&#8221; header_2_font=&#8221;Montserrat||||||||&#8221; header_2_text_align=&#8221;center&#8221; header_2_font_size=&#8221;1.5vw&#8221; header_2_font_size_tablet=&#8221;3vw&#8221; header_2_font_size_phone=&#8221;6vw&#8221; header_2_font_size_last_edited=&#8221;on|phone&#8221; global_colors_info=&#8221;{}&#8221;]<\/p>\n<h2>evento aperto solo per i Geometri tra i 18 e i 35 anni<\/h2>\n<p>[\/et_pb_text][et_pb_text _builder_version=&#8221;4.21.0&#8243; _module_preset=&#8221;default&#8221; header_3_font=&#8221;Montserrat|600||on|||||&#8221; header_3_text_align=&#8221;center&#8221; header_3_text_color=&#8221;#FC7500&#8243; header_3_font_size=&#8221;1.2vw&#8221; header_3_font_size_tablet=&#8221;2.4vw&#8221; header_3_font_size_phone=&#8221;5vw&#8221; header_3_font_size_last_edited=&#8221;on|phone&#8221; global_colors_info=&#8221;{}&#8221; disabled_on=&#8221;on|on|on&#8221; disabled=&#8221;on&#8221;]<\/p>\n<h3 dir=\"auto\">La disponibilit\u00e0 dei posti \u00e8 limitata.<\/h3>\n<p>[\/et_pb_text][\/et_pb_column][\/et_pb_row][et_pb_row use_custom_gutter=&#8221;on&#8221; gutter_width=&#8221;1&#8243; make_equal=&#8221;on&#8221; _builder_version=&#8221;4.22.1&#8243; _module_preset=&#8221;default&#8221; width=&#8221;100%&#8221; max_width=&#8221;69%&#8221; global_colors_info=&#8221;{}&#8221;][et_pb_column type=&#8221;4_4&#8243; _builder_version=&#8221;4.22.1&#8243; _module_preset=&#8221;default&#8221; global_colors_info=&#8221;{}&#8221;][et_pb_image src=&#8221;https:\/\/geofactory.agicom.it\/2023\/..\/files\/2023\/05\/fq.jpg&#8221; title_text=&#8221;fq&#8221; align=&#8221;center&#8221; _builder_version=&#8221;4.22.1&#8243; _module_preset=&#8221;default&#8221; hover_enabled=&#8221;0&#8243; global_colors_info=&#8221;{}&#8221; sticky_enabled=&#8221;0&#8243;][\/et_pb_image][\/et_pb_column][\/et_pb_row][et_pb_row disabled_on=&#8221;on|on|on&#8221; _builder_version=&#8221;4.21.0&#8243; _module_preset=&#8221;default&#8221; disabled=&#8221;on&#8221; global_colors_info=&#8221;{}&#8221;][et_pb_column type=&#8221;4_4&#8243; _builder_version=&#8221;4.21.0&#8243; _module_preset=&#8221;default&#8221; global_colors_info=&#8221;{}&#8221;][et_pb_contact_form captcha=&#8221;off&#8221; email=&#8221;comunicazione@agicom.it&#8221; title=&#8221;Iscrizione al Congresso&#8221; custom_message=&#8221;Nome: %%nome%%||et_pb_line_break_holder||Cognome: %%cognome%%||et_pb_line_break_holder||Indirizzo di residenza: %%residenza%%||et_pb_line_break_holder||Collegio di appartenenza: %%collegio%%||et_pb_line_break_holder||Numero iscrizione all&#8217;Albo: %%albo%%||et_pb_line_break_holder||Codice fiscale: %%codfis%%||et_pb_line_break_holder||Partita IVA: %%piva%%||et_pb_line_break_holder||Email: %%Email%%||et_pb_line_break_holder||Telefono: %%telefono%%||et_pb_line_break_holder||PEC: %%pec%%||et_pb_line_break_holder||Privacy1: %%privacy1%%||et_pb_line_break_holder||Privacy2: %%privacy2%%&#8221; use_redirect=&#8221;on&#8221; submit_button_text=&#8221;Effettua il pagamento&#8221; _builder_version=&#8221;4.21.0&#8243; _module_preset=&#8221;default&#8221; _unique_id=&#8221;3a9bd4b5-b3fc-4859-a7a3-f3cea139f122&#8243; form_field_background_color=&#8221;#FFFFFF&#8221; form_field_text_color=&#8221;#000000&#8243; form_field_focus_background_color=&#8221;#FFFFFF&#8221; form_field_focus_text_color=&#8221;#000000&#8243; title_font=&#8221;Montserrat|600||on|||||&#8221; title_text_align=&#8221;center&#8221; title_text_color=&#8221;#FC7500&#8243; title_font_size=&#8221;1.5vw&#8221; title_line_height=&#8221;1.5em&#8221; form_field_font=&#8221;Montserrat|500|||||||&#8221; form_field_font_size=&#8221;0.9vw&#8221; form_field_line_height=&#8221;1.5em&#8221; custom_button=&#8221;on&#8221; button_text_size=&#8221;1vw&#8221; button_text_color=&#8221;#FFFFFF&#8221; button_bg_color=&#8221;#FC7500&#8243; button_border_color=&#8221;#FC7500&#8243; button_letter_spacing=&#8221;1px&#8221; button_font=&#8221;|600||on|||||&#8221; button_use_icon=&#8221;off&#8221; title_font_size_tablet=&#8221;3vw&#8221; title_font_size_phone=&#8221;6vw&#8221; title_font_size_last_edited=&#8221;on|phone&#8221; form_field_font_size_tablet=&#8221;1.8vw&#8221; form_field_font_size_phone=&#8221;3.6vw&#8221; form_field_font_size_last_edited=&#8221;on|phone&#8221; button_text_size_tablet=&#8221;2vw&#8221; button_text_size_phone=&#8221;4vw&#8221; button_text_size_last_edited=&#8221;on|phone&#8221; hide_success_message=&#8221;on&#8221; custom_use_redirect=&#8221;on&#8221; custom_redirect_url=&#8221;https:\/\/geofactory.agicom.it\/2023\/event\/iscrizione-libera\/&#8221; custom_redirect_delay=&#8221;100&#8243; global_colors_info=&#8221;{}&#8221;][et_pb_contact_field field_id=&#8221;nome&#8221; field_title=&#8221;Nome&#8221; _builder_version=&#8221;4.21.0&#8243; global_colors_info=&#8221;{}&#8221; button_text_size__hover_enabled=&#8221;off&#8221; button_one_text_size__hover_enabled=&#8221;off&#8221; button_two_text_size__hover_enabled=&#8221;off&#8221; button_text_color__hover_enabled=&#8221;off&#8221; button_one_text_color__hover_enabled=&#8221;off&#8221; button_two_text_color__hover_enabled=&#8221;off&#8221; button_border_width__hover_enabled=&#8221;off&#8221; button_one_border_width__hover_enabled=&#8221;off&#8221; button_two_border_width__hover_enabled=&#8221;off&#8221; button_border_color__hover_enabled=&#8221;off&#8221; button_one_border_color__hover_enabled=&#8221;off&#8221; button_two_border_color__hover_enabled=&#8221;off&#8221; button_border_radius__hover_enabled=&#8221;off&#8221; button_one_border_radius__hover_enabled=&#8221;off&#8221; button_two_border_radius__hover_enabled=&#8221;off&#8221; button_letter_spacing__hover_enabled=&#8221;off&#8221; button_one_letter_spacing__hover_enabled=&#8221;off&#8221; button_two_letter_spacing__hover_enabled=&#8221;off&#8221; button_bg_color__hover_enabled=&#8221;off&#8221; button_one_bg_color__hover_enabled=&#8221;off&#8221; button_two_bg_color__hover_enabled=&#8221;off&#8221;][\/et_pb_contact_field][et_pb_contact_field field_id=&#8221;cognome&#8221; field_title=&#8221;Cognome&#8221; _builder_version=&#8221;4.21.0&#8243; _module_preset=&#8221;default&#8221; global_colors_info=&#8221;{}&#8221;][\/et_pb_contact_field][et_pb_contact_field field_id=&#8221;residenza&#8221; field_title=&#8221;Indirizzo di residenza&#8221; fullwidth_field=&#8221;on&#8221; _builder_version=&#8221;4.21.0&#8243; _module_preset=&#8221;default&#8221; global_colors_info=&#8221;{}&#8221;][\/et_pb_contact_field][et_pb_contact_field field_id=&#8221;collegio&#8221; field_title=&#8221;Collegio di appartenenza&#8221; _builder_version=&#8221;4.21.0&#8243; _module_preset=&#8221;default&#8221; global_colors_info=&#8221;{}&#8221;][\/et_pb_contact_field][et_pb_contact_field field_id=&#8221;albo&#8221; field_title=&#8221;Numero iscrizione all&#8217;Albo&#8221; _builder_version=&#8221;4.21.0&#8243; _module_preset=&#8221;default&#8221; global_colors_info=&#8221;{}&#8221;][\/et_pb_contact_field][et_pb_contact_field field_id=&#8221;codfis&#8221; field_title=&#8221;Codice fiscale&#8221; _builder_version=&#8221;4.21.0&#8243; _module_preset=&#8221;default&#8221; global_colors_info=&#8221;{}&#8221;][\/et_pb_contact_field][et_pb_contact_field field_id=&#8221;piva&#8221; field_title=&#8221;Partita IVA&#8221; _builder_version=&#8221;4.21.0&#8243; _module_preset=&#8221;default&#8221; global_colors_info=&#8221;{}&#8221;][\/et_pb_contact_field][et_pb_contact_field field_id=&#8221;Email&#8221; field_title=&#8221;Indirizzo e-mail&#8221; field_type=&#8221;email&#8221; _builder_version=&#8221;4.21.0&#8243; global_colors_info=&#8221;{}&#8221; button_text_size__hover_enabled=&#8221;off&#8221; button_one_text_size__hover_enabled=&#8221;off&#8221; button_two_text_size__hover_enabled=&#8221;off&#8221; button_text_color__hover_enabled=&#8221;off&#8221; button_one_text_color__hover_enabled=&#8221;off&#8221; button_two_text_color__hover_enabled=&#8221;off&#8221; button_border_width__hover_enabled=&#8221;off&#8221; button_one_border_width__hover_enabled=&#8221;off&#8221; button_two_border_width__hover_enabled=&#8221;off&#8221; button_border_color__hover_enabled=&#8221;off&#8221; button_one_border_color__hover_enabled=&#8221;off&#8221; button_two_border_color__hover_enabled=&#8221;off&#8221; button_border_radius__hover_enabled=&#8221;off&#8221; button_one_border_radius__hover_enabled=&#8221;off&#8221; button_two_border_radius__hover_enabled=&#8221;off&#8221; button_letter_spacing__hover_enabled=&#8221;off&#8221; button_one_letter_spacing__hover_enabled=&#8221;off&#8221; button_two_letter_spacing__hover_enabled=&#8221;off&#8221; button_bg_color__hover_enabled=&#8221;off&#8221; button_one_bg_color__hover_enabled=&#8221;off&#8221; button_two_bg_color__hover_enabled=&#8221;off&#8221;][\/et_pb_contact_field][et_pb_contact_field field_id=&#8221;telefono&#8221; field_title=&#8221;Numero telefono cellulare&#8221; _builder_version=&#8221;4.21.0&#8243; global_colors_info=&#8221;{}&#8221; button_text_size__hover_enabled=&#8221;off&#8221; button_one_text_size__hover_enabled=&#8221;off&#8221; button_two_text_size__hover_enabled=&#8221;off&#8221; button_text_color__hover_enabled=&#8221;off&#8221; button_one_text_color__hover_enabled=&#8221;off&#8221; button_two_text_color__hover_enabled=&#8221;off&#8221; button_border_width__hover_enabled=&#8221;off&#8221; button_one_border_width__hover_enabled=&#8221;off&#8221; button_two_border_width__hover_enabled=&#8221;off&#8221; button_border_color__hover_enabled=&#8221;off&#8221; button_one_border_color__hover_enabled=&#8221;off&#8221; button_two_border_color__hover_enabled=&#8221;off&#8221; button_border_radius__hover_enabled=&#8221;off&#8221; button_one_border_radius__hover_enabled=&#8221;off&#8221; button_two_border_radius__hover_enabled=&#8221;off&#8221; button_letter_spacing__hover_enabled=&#8221;off&#8221; button_one_letter_spacing__hover_enabled=&#8221;off&#8221; button_two_letter_spacing__hover_enabled=&#8221;off&#8221; button_bg_color__hover_enabled=&#8221;off&#8221; button_one_bg_color__hover_enabled=&#8221;off&#8221; button_two_bg_color__hover_enabled=&#8221;off&#8221;][\/et_pb_contact_field][et_pb_contact_field field_id=&#8221;pec&#8221; field_title=&#8221;P.E.C. (posta elettronica certificata)&#8221; fullwidth_field=&#8221;on&#8221; _builder_version=&#8221;4.21.0&#8243; _module_preset=&#8221;default&#8221; global_colors_info=&#8221;{}&#8221;][\/et_pb_contact_field][et_pb_contact_field field_id=&#8221;privacy1&#8243; field_title=&#8221;INFORMATIVA SULLA PRIVACY&#8221; field_type=&#8221;checkbox&#8221; checkbox_options=&#8221;%91{%22value%22:%22Ai sensi e per gli effetti dell&#8217;art. 13 del D.Lgs. 196\/2003 e del Reg. UE 679\/2016 La informiamo che i dati da Lei forniti verranno utilizzati dalla Agicom srl nel pieno rispetto della normativa citata.  I dati personali verranno utilizzati per l\u2019iscrizione all\u2019evento in oggetto. Autorizzo a titolo gratuito e senza limiti di tempo, anche ai sensi degli artt. 10 e 320 cod.civ. e degli artt. 96 e 97 legge 22.4.1941, n. 633 Legge sul diritto d&#8217;autore:  La trasmissione e la pubblicazione e\/o diffusione in qualsiasi forma di materiale audio, video o fotografico in cui il sottoscritto appaia rappresentato o sia comunque riconoscibile  Autorizzo altres\u00ec la conservazione del predetto materiale negli archivi informatici dell&#8217;associazione e prendo atto che la finalit\u00e0 di tali pubblicazioni sono di carattere informativo e divulgativo.  l materiale video-fotografico non sar\u00e0 utilizzato per finalit\u00e0 commerciali.  Tale autorizzazione esclude qualsiasi uso a fini di lucro e la cessione a terzi.%22,%22checked%22:0,%22dragID%22:-1}%93&#8243; fullwidth_field=&#8221;on&#8221; _builder_version=&#8221;4.21.0&#8243; _module_preset=&#8221;default&#8221; global_colors_info=&#8221;{}&#8221;][\/et_pb_contact_field][et_pb_contact_field field_id=&#8221;privacy2&#8243; field_title=&#8221;Privacy facoltativa&#8221; field_type=&#8221;checkbox&#8221; checkbox_options=&#8221;%91{%22value%22:%22Si richiede, inoltre, l&#8217;autorizzazione al trattamento dei dati utilizzati per l\u2019iscrizione all&#8217;evento in forma scritta e\/o supporto cartaceo elettronico e telematico per l&#8217;invio di informazioni e\/o offerte da parte delle aziende sponsor. L&#8217;eventuale accettazione autorizza gli organizzatori a comunicare alle aziende sponsor solo i riferimenti nome, cognome, indirizzo email del partecipante.%22,%22checked%22:0,%22dragID%22:-1}%93&#8243; required_mark=&#8221;off&#8221; fullwidth_field=&#8221;on&#8221; _builder_version=&#8221;4.21.0&#8243; _module_preset=&#8221;default&#8221; global_colors_info=&#8221;{}&#8221;][\/et_pb_contact_field][\/et_pb_contact_form][\/et_pb_column][\/et_pb_row][\/et_pb_section]<\/p>\n","protected":false},"excerpt":{"rendered":"<p>Meeting Nazionale Giovani Geometrievento aperto solo per i Geometri tra i 18 e i 35 anniLa disponibilit\u00e0 dei posti \u00e8 limitata.<\/p>\n","protected":false},"author":1,"featured_media":0,"parent":0,"menu_order":0,"comment_status":"closed","ping_status":"closed","template":"","meta":{"_et_pb_use_builder":"on","_et_pb_old_content":"","_et_gb_content_width":"","footnotes":""},"class_list":["post-708","page","type-page","status-publish","hentry"],"_links":{"self":[{"href":"https:\/\/geofactory.agicom.it\/2023\/wp-json\/wp\/v2\/pages\/708","targetHints":{"allow":["GET"]}}],"collection":[{"href":"https:\/\/geofactory.agicom.it\/2023\/wp-json\/wp\/v2\/pages"}],"about":[{"href":"https:\/\/geofactory.agicom.it\/2023\/wp-json\/wp\/v2\/types\/page"}],"author":[{"embeddable":true,"href":"https:\/\/geofactory.agicom.it\/2023\/wp-json\/wp\/v2\/users\/1"}],"replies":[{"embeddable":true,"href":"https:\/\/geofactory.agicom.it\/2023\/wp-json\/wp\/v2\/comments?post=708"}],"version-history":[{"count":3,"href":"https:\/\/geofactory.agicom.it\/2023\/wp-json\/wp\/v2\/pages\/708\/revisions"}],"predecessor-version":[{"id":711,"href":"https:\/\/geofactory.agicom.it\/2023\/wp-json\/wp\/v2\/pages\/708\/revisions\/711"}],"wp:attachment":[{"href":"https:\/\/geofactory.agicom.it\/2023\/wp-json\/wp\/v2\/media?parent=708"}],"curies":[{"name":"wp","href":"https:\/\/api.w.org\/{rel}","templated":true}]}}